{"id":145,"date":"2025-02-04T10:17:52","date_gmt":"2025-02-04T09:17:52","guid":{"rendered":"https:\/\/pgart-artiste.com\/?page_id=145"},"modified":"2025-03-16T18:28:52","modified_gmt":"2025-03-16T17:28:52","slug":"pgart","status":"publish","type":"page","link":"https:\/\/pgart-artiste.com\/","title":{"rendered":"P.G.A.R.T."},"content":{"rendered":"\t\t<div data-elementor-type=\"wp-page\" data-elementor-id=\"145\" class=\"elementor elementor-145\">\n\t\t\t\t<div class=\"elementor-element elementor-element-579a9aa e-flex e-con-boxed e-con e-parent\" data-id=\"579a9aa\" data-element_type=\"container\">\n\t\t\t\t\t<div class=\"e-con-inner\">\n\t\t\t\t<div class=\"elementor-element elementor-element-d84ab44 elementor-widget elementor-widget-text-editor\" data-id=\"d84ab44\" data-element_type=\"widget\" data-widget_type=\"text-editor.default\">\n\t\t\t\t<div class=\"elementor-widget-container\">\n\t\t\t\t\t\t\t\t\t<p>\u00a0<\/p>\n<p>\u00a0<\/p>\t\t\t\t\t\t\t\t<\/div>\n\t\t\t\t<\/div>\n\t\t\t\t\t<\/div>\n\t\t\t\t<\/div>\n\t\t<div class=\"elementor-element elementor-element-ee6ddd6 e-flex e-con-boxed e-con e-parent\" data-id=\"ee6ddd6\" data-element_type=\"container\">\n\t\t\t\t\t<div class=\"e-con-inner\">\n\t\t\t\t<div class=\"elementor-element elementor-element-83cb5c0 elementor-widget elementor-widget-image\" data-id=\"83cb5c0\" data-element_type=\"widget\" data-widget_type=\"image.default\">\n\t\t\t\t<div class=\"elementor-widget-container\">\n\t\t\t\t\t\t\t\t\t\t\t\t\t\t\t<img fetchpriority=\"high\" decoding=\"async\" width=\"459\" height=\"480\" src=\"https:\/\/pgart-artiste.com\/wp-content\/uploads\/2025\/02\/marc_storm.png\" class=\"attachment-full size-full wp-image-259\" alt=\"\" srcset=\"https:\/\/pgart-artiste.com\/wp-content\/uploads\/2025\/02\/marc_storm.png 459w, https:\/\/pgart-artiste.com\/wp-content\/uploads\/2025\/02\/marc_storm-287x300.png 287w\" sizes=\"(max-width: 459px) 100vw, 459px\" \/>\t\t\t\t\t\t\t\t\t\t\t\t\t\t\t<\/div>\n\t\t\t\t<\/div>\n\t\t\t\t\t<\/div>\n\t\t\t\t<\/div>\n\t\t<div class=\"elementor-element elementor-element-698737f5 e-flex e-con-boxed e-con e-parent\" data-id=\"698737f5\" data-element_type=\"container\">\n\t\t\t\t\t<div class=\"e-con-inner\">\n\t\t\t\t<div class=\"elementor-element elementor-element-5d593b83 elementor-widget elementor-widget-text-editor\" data-id=\"5d593b83\" data-element_type=\"widget\" data-widget_type=\"text-editor.default\">\n\t\t\t\t<div class=\"elementor-widget-container\">\n\t\t\t\t\t\t\t\t\t<figure class=\"wp-block-image aligncenter size-full is-resized is-style-rounded\"><\/figure>\n<p><!-- \/wp:image --><!-- wp:paragraph --><\/p>\n<p>PGART est un artiste dont le parcours cr\u00e9atif a \u00e9t\u00e9 impr\u00e9gn\u00e9 d\u00e8s son plus jeune \u00e2ge par une passion pour le dessin et le graphisme. Apr\u00e8s avoir \u00e9tudi\u00e9 les arts plastiques et l&#8217;histoire de l&#8217;art \u00e0 Aix-en-Provence, il a int\u00e9gr\u00e9 l&#8217;\u00e9cole de design Strate Coll\u00e8ge \u00e0 Issy-les-Moulineaux, o\u00f9 il a perfectionn\u00e9 ses comp\u00e9tences et affin\u00e9 son regard artistique.<\/p>\n<p><!-- \/wp:paragraph --><!-- wp:paragraph --><\/p>\n<p>Au fil du temps, PGART a explor\u00e9 divers horizons professionnels tout en maintenant sa curiosit\u00e9 artistique intacte. Malgr\u00e9 un \u00e9loignement temporaire des pinceaux, sa passion pour l&#8217;art n&#8217;a jamais cess\u00e9 de l&#8217;animer.<\/p>\n<p><!-- \/wp:paragraph --><!-- wp:paragraph --><\/p>\n<p>C&#8217;est \u00e0 l&#8217;aube de ses 50 ans que PGART a ressenti un puissant appel \u00e0 renouer avec son talent cr\u00e9atif, encourag\u00e9 par ses proches et anim\u00e9 par un d\u00e9sir ardent de cr\u00e9er. Ce retour \u00e0 la peinture a \u00e9t\u00e9 marqu\u00e9 par la red\u00e9couverte des sensations et du plaisir profond\u00e9ment enracin\u00e9s dans son \u00eatre.<\/p>\n<p><!-- \/wp:paragraph --><!-- wp:paragraph --><\/p>\n<p>Aujourd&#8217;hui, le travail de PGART incarne une fusion unique entre l&#8217;univers du graffiti et de l&#8217;abstrait. Ses \u0153uvres captivent par leur utilisation audacieuse de la couleur et du geste, transportant le spectateur dans un monde vibrant de d\u00e9couvertes visuelles. En tant qu&#8217;artiste, PGART continue d&#8217;explorer et d&#8217;exp\u00e9rimenter, offrant \u00e0 son public une exp\u00e9rience artistique \u00e0 la fois stimulante et enrichissante.<\/p>\n<p>\u00a0<\/p>\n<p><!-- \/wp:paragraph --><!-- wp:separator --><\/p>\n<p><!-- \/wp:heading --><!-- wp:shortcode --><!-- \/wp:shortcode --><!-- wp:paragraph --><\/p>\n<p><!-- \/wp:paragraph --><\/p>\t\t\t\t\t\t\t\t<\/div>\n\t\t\t\t<\/div>\n\t\t\t\t\t<\/div>\n\t\t\t\t<\/div>\n\t\t<div class=\"elementor-element elementor-element-3d6fc53 e-flex e-con-boxed e-con e-parent\" data-id=\"3d6fc53\" data-element_type=\"container\">\n\t\t\t\t\t<div class=\"e-con-inner\">\n\t\t\t\t<div class=\"elementor-element elementor-element-cd42aa8 elementor-widget elementor-widget-text-editor\" data-id=\"cd42aa8\" data-element_type=\"widget\" data-widget_type=\"text-editor.default\">\n\t\t\t\t<div class=\"elementor-widget-container\">\n\t\t\t\t\t\t\t\t\t<h3><strong>Formulaire de contact<\/strong><\/h3>\t\t\t\t\t\t\t\t<\/div>\n\t\t\t\t<\/div>\n\t\t\t\t\t<\/div>\n\t\t\t\t<\/div>\n\t\t<div class=\"elementor-element elementor-element-57a51fa e-flex e-con-boxed e-con e-parent\" data-id=\"57a51fa\" data-element_type=\"container\">\n\t\t\t\t\t<div class=\"e-con-inner\">\n\t\t\t\t<div class=\"elementor-element elementor-element-4e65ab4 elementor-widget elementor-widget-wpforms\" data-id=\"4e65ab4\" data-element_type=\"widget\" data-widget_type=\"wpforms.default\">\n\t\t\t\t<div class=\"elementor-widget-container\">\n\t\t\t\t\t<style id=\"wpforms-css-vars-elementor-widget-4e65ab4\">\n\t\t\t\t.elementor-widget-wpforms.elementor-element-4e65ab4 {\n\t\t\t\t--wpforms-field-background-color: #FFFFFF;\n--wpforms-field-text-color: #FF0000;\n--wpforms-label-color: #FF8F00;\n--wpforms-label-sublabel-color: #FFFDFD;\n--wpforms-button-background-color: #FF7501;\n--wpforms-field-size-input-height: 43px;\n--wpforms-field-size-input-spacing: 15px;\n--wpforms-field-size-font-size: 16px;\n--wpforms-field-size-line-height: 19px;\n--wpforms-field-size-padding-h: 14px;\n--wpforms-field-size-checkbox-size: 16px;\n--wpforms-field-size-sublabel-spacing: 5px;\n--wpforms-field-size-icon-size: 1;\n--wpforms-label-size-font-size: 16px;\n--wpforms-label-size-line-height: 19px;\n--wpforms-label-size-sublabel-font-size: 14px;\n--wpforms-label-size-sublabel-line-height: 17px;\n--wpforms-button-size-font-size: 17px;\n--wpforms-button-size-height: 41px;\n--wpforms-button-size-padding-h: 15px;\n--wpforms-button-size-margin-top: 10px;\n\n\t\t\t}\n\t\t\t<\/style><div class=\"wpforms-container wpforms-container-full wpforms-render-modern\" id=\"wpforms-305\"><form id=\"wpforms-form-305\" class=\"wpforms-validate wpforms-form wpforms-ajax-form\" data-formid=\"305\" method=\"post\" enctype=\"multipart\/form-data\" action=\"\/index.php?rest_route=%2Fwp%2Fv2%2Fpages%2F145\" data-token=\"7df1ddeb6e489a06e5d17e0ecc89cfd8\" data-token-time=\"1776255549\"><noscript class=\"wpforms-error-noscript\">Please enable JavaScript in your browser to complete this form.<\/noscript><div class=\"wpforms-hidden\" id=\"wpforms-error-noscript\">Please enable JavaScript in your browser to complete this form.<\/div><div class=\"wpforms-field-container\"><div id=\"wpforms-305-field_1-container\" class=\"wpforms-field wpforms-field-name wpforms-form wpforms-field-label color 007acc important\" data-field-id=\"1\"><fieldset><legend class=\"wpforms-field-label\">Nom <span class=\"wpforms-required-label\" aria-hidden=\"true\">*<\/span><\/legend><div class=\"wpforms-field-row wpforms-field-medium\"><div class=\"wpforms-field-row-block wpforms-first wpforms-one-half\"><input type=\"text\" id=\"wpforms-305-field_1\" class=\"wpforms-field-name-first wpforms-field-required\" name=\"wpforms[fields][1][first]\" aria-errormessage=\"wpforms-305-field_1-error\" required><label for=\"wpforms-305-field_1\" class=\"wpforms-field-sublabel after\">First<\/label><\/div><div class=\"wpforms-field-row-block wpforms-one-half\"><input type=\"text\" id=\"wpforms-305-field_1-last\" class=\"wpforms-field-name-last wpforms-field-required\" name=\"wpforms[fields][1][last]\" aria-errormessage=\"wpforms-305-field_1-last-error\" required><label for=\"wpforms-305-field_1-last\" class=\"wpforms-field-sublabel after\">Last<\/label><\/div><\/div><\/fieldset><\/div><div id=\"wpforms-305-field_2-container\" class=\"wpforms-field wpforms-field-email\" data-field-id=\"2\"><label class=\"wpforms-field-label\" for=\"wpforms-305-field_2\">E-mail <span class=\"wpforms-required-label\" aria-hidden=\"true\">*<\/span><\/label><input type=\"email\" id=\"wpforms-305-field_2\" class=\"wpforms-field-medium wpforms-field-required\" name=\"wpforms[fields][2]\" spellcheck=\"false\" aria-errormessage=\"wpforms-305-field_2-error\" required><\/div><div id=\"wpforms-305-field_3-container\" class=\"wpforms-field wpforms-field-textarea\" data-field-id=\"3\"><label class=\"wpforms-field-label\" for=\"wpforms-305-field_3\">Commentaire ou message<\/label><textarea id=\"wpforms-305-field_3\" class=\"wpforms-field-medium\" name=\"wpforms[fields][3]\" aria-errormessage=\"wpforms-305-field_3-error\" ><\/textarea><\/div><\/div><!-- .wpforms-field-container --><div class=\"wpforms-submit-container\" ><input type=\"hidden\" name=\"wpforms[id]\" value=\"305\"><input type=\"hidden\" name=\"page_title\" value=\"\"><input type=\"hidden\" name=\"page_url\" value=\"https:\/\/pgart-artiste.com\/index.php?rest_route=\/wp\/v2\/pages\/145\"><input type=\"hidden\" name=\"url_referer\" value=\"\"><button type=\"submit\" name=\"wpforms[submit]\" id=\"wpforms-submit-305\" class=\"wpforms-submit\" data-alt-text=\"Envoi...\" data-submit-text=\"Envoyer\" aria-live=\"assertive\" value=\"wpforms-submit\">Envoyer<\/button><img decoding=\"async\" src=\"https:\/\/pgart-artiste.com\/wp-content\/plugins\/wpforms-lite\/assets\/images\/submit-spin.svg\" class=\"wpforms-submit-spinner\" style=\"display: none;\" width=\"26\" height=\"26\" alt=\"Loading\"><\/div><\/form><\/div>  <!-- .wpforms-container -->\t\t\t\t<\/div>\n\t\t\t\t<\/div>\n\t\t\t\t\t<\/div>\n\t\t\t\t<\/div>\n\t\t\t\t<\/div>\n\t\t","protected":false},"excerpt":{"rendered":"<p>\u00a0 \u00a0 PGART est un artiste dont le parcours cr\u00e9atif a \u00e9t\u00e9 impr\u00e9gn\u00e9 d\u00e8s son plus jeune \u00e2ge par une passion pour le dessin et le graphisme. Apr\u00e8s avoir \u00e9tudi\u00e9 les arts plastiques et l&#8217;histoire de l&#8217;art \u00e0 Aix-en-Provence, il a int\u00e9gr\u00e9 l&#8217;\u00e9cole de design Strate Coll\u00e8ge \u00e0 Issy-les-Moulineaux, o\u00f9 il a perfectionn\u00e9 ses comp\u00e9tences [&hellip;]<\/p>\n","protected":false},"author":1,"featured_media":0,"parent":0,"menu_order":0,"comment_status":"closed","ping_status":"closed","template":"","meta":{"_coblocks_attr":"","_coblocks_dimensions":"","_coblocks_responsive_height":"","_coblocks_accordion_ie_support":"","site-container-style":"default","site-container-layout":"default","site-sidebar-layout":"default","site-transparent-header":"default","disable-article-header":"default","disable-site-header":"default","disable-site-footer":"default","disable-content-area-spacing":"default","footnotes":""},"class_list":["post-145","page","type-page","status-publish","hentry"],"_links":{"self":[{"href":"https:\/\/pgart-artiste.com\/index.php?rest_route=\/wp\/v2\/pages\/145","targetHints":{"allow":["GET"]}}],"collection":[{"href":"https:\/\/pgart-artiste.com\/index.php?rest_route=\/wp\/v2\/pages"}],"about":[{"href":"https:\/\/pgart-artiste.com\/index.php?rest_route=\/wp\/v2\/types\/page"}],"author":[{"embeddable":true,"href":"https:\/\/pgart-artiste.com\/index.php?rest_route=\/wp\/v2\/users\/1"}],"replies":[{"embeddable":true,"href":"https:\/\/pgart-artiste.com\/index.php?rest_route=%2Fwp%2Fv2%2Fcomments&post=145"}],"version-history":[{"count":45,"href":"https:\/\/pgart-artiste.com\/index.php?rest_route=\/wp\/v2\/pages\/145\/revisions"}],"predecessor-version":[{"id":365,"href":"https:\/\/pgart-artiste.com\/index.php?rest_route=\/wp\/v2\/pages\/145\/revisions\/365"}],"wp:attachment":[{"href":"https:\/\/pgart-artiste.com\/index.php?rest_route=%2Fwp%2Fv2%2Fmedia&parent=145"}],"curies":[{"name":"wp","href":"https:\/\/api.w.org\/{rel}","templated":true}]}}