{"id":614,"date":"2025-06-09T16:26:52","date_gmt":"2025-06-09T14:26:52","guid":{"rendered":"https:\/\/pgart-artiste.com\/?page_id=614"},"modified":"2025-06-09T17:02:24","modified_gmt":"2025-06-09T15:02:24","slug":"engagement-caritatif","status":"publish","type":"page","link":"https:\/\/pgart-artiste.com\/?page_id=614","title":{"rendered":"Engagement caritatif"},"content":{"rendered":"\t\t<div data-elementor-type=\"wp-page\" data-elementor-id=\"614\" class=\"elementor elementor-614\">\n\t\t\t\t<div class=\"elementor-element elementor-element-58a9bc2 e-flex e-con-boxed e-con e-parent\" data-id=\"58a9bc2\" data-element_type=\"container\">\n\t\t\t\t\t<div class=\"e-con-inner\">\n\t\t\t\t<div class=\"elementor-element elementor-element-a827330 elementor-position-top elementor-widget elementor-widget-image-box\" data-id=\"a827330\" data-element_type=\"widget\" data-widget_type=\"image-box.default\">\n\t\t\t\t<div class=\"elementor-widget-container\">\n\t\t\t\t\t<div class=\"elementor-image-box-wrapper\"><figure class=\"elementor-image-box-img\"><a href=\"https:\/\/www.petitcoeurdebeurre.fr\/\" target=\"_blank\" tabindex=\"-1\"><img fetchpriority=\"high\" decoding=\"async\" width=\"595\" height=\"598\" src=\"https:\/\/pgart-artiste.com\/wp-content\/uploads\/2025\/06\/hotel_dieu_petit_coeur.png\" class=\"attachment-medium_large size-medium_large wp-image-625\" alt=\"\" srcset=\"https:\/\/pgart-artiste.com\/wp-content\/uploads\/2025\/06\/hotel_dieu_petit_coeur.png 595w, https:\/\/pgart-artiste.com\/wp-content\/uploads\/2025\/06\/hotel_dieu_petit_coeur-298x300.png 298w, https:\/\/pgart-artiste.com\/wp-content\/uploads\/2025\/06\/hotel_dieu_petit_coeur-150x150.png 150w\" sizes=\"(max-width: 595px) 100vw, 595px\" \/><\/a><\/figure><div class=\"elementor-image-box-content\"><h3 class=\"elementor-image-box-title\"><a href=\"https:\/\/www.petitcoeurdebeurre.fr\/\" target=\"_blank\">Gala caritatif H\u00f4tel Dieu<\/a><\/h3><p class=\"elementor-image-box-description\">Toile 116x81 \u00ab Up to The Sky \u00bb et custom StormTrooper. 2 oeuvres mises en vente lors du gala caritatif \u00e0 l\u2019H\u00f4tel Dieu de Toulouse au profit de l\u2019association Petit c\u0153ur de beurre.<\/p><\/div><\/div>\t\t\t\t<\/div>\n\t\t\t\t<\/div>\n\t\t\t\t\t<\/div>\n\t\t\t\t<\/div>\n\t\t<div class=\"elementor-element elementor-element-0555f35 e-flex e-con-boxed e-con e-parent\" data-id=\"0555f35\" data-element_type=\"container\">\n\t\t\t\t\t<div class=\"e-con-inner\">\n\t\t\t\t<div class=\"elementor-element elementor-element-0547c8e elementor-position-top elementor-widget elementor-widget-image-box\" data-id=\"0547c8e\" data-element_type=\"widget\" data-widget_type=\"image-box.default\">\n\t\t\t\t<div class=\"elementor-widget-container\">\n\t\t\t\t\t<div class=\"elementor-image-box-wrapper\"><figure class=\"elementor-image-box-img\"><a href=\"https:\/\/www.association-ressource.org\/\" target=\"_blank\" tabindex=\"-1\"><img decoding=\"async\" width=\"768\" height=\"365\" src=\"https:\/\/pgart-artiste.com\/wp-content\/uploads\/2025\/06\/20231215_rotary-768x365.jpg\" class=\"attachment-medium_large size-medium_large wp-image-511\" alt=\"Rotary 2023\" srcset=\"https:\/\/pgart-artiste.com\/wp-content\/uploads\/2025\/06\/20231215_rotary-768x365.jpg 768w, https:\/\/pgart-artiste.com\/wp-content\/uploads\/2025\/06\/20231215_rotary-300x143.jpg 300w, https:\/\/pgart-artiste.com\/wp-content\/uploads\/2025\/06\/20231215_rotary.jpg 883w\" sizes=\"(max-width: 768px) 100vw, 768px\" \/><\/a><\/figure><div class=\"elementor-image-box-content\"><h3 class=\"elementor-image-box-title\"><a href=\"https:\/\/www.association-ressource.org\/\" target=\"_blank\">Expo-vente Rotary\/Lions Club<\/a><\/h3><p class=\"elementor-image-box-description\">Cette grande vente a \u00e9t\u00e9 organis\u00e9e au profit int\u00e9gral et exclusif du Centre Ressource d\u2019Aix en Provence dont la vocation est de s\u2019occuper des personnes atteintes de cancers et de leur famille en proposant une vari\u00e9t\u00e9 de soutiens.\n<\/p><\/div><\/div>\t\t\t\t<\/div>\n\t\t\t\t<\/div>\n\t\t\t\t\t<\/div>\n\t\t\t\t<\/div>\n\t\t<div class=\"elementor-element elementor-element-fb92901 e-flex e-con-boxed e-con e-parent\" data-id=\"fb92901\" data-element_type=\"container\">\n\t\t\t\t\t<div class=\"e-con-inner\">\n\t\t\t\t<div class=\"elementor-element elementor-element-e95e43e elementor-position-top elementor-widget elementor-widget-image-box\" data-id=\"e95e43e\" data-element_type=\"widget\" data-widget_type=\"image-box.default\">\n\t\t\t\t<div class=\"elementor-widget-container\">\n\t\t\t\t\t<div class=\"elementor-image-box-wrapper\"><figure class=\"elementor-image-box-img\"><a href=\"https:\/\/www.petitcoeurdebeurre.fr\/\" target=\"_blank\" tabindex=\"-1\"><img decoding=\"async\" width=\"477\" height=\"556\" src=\"https:\/\/pgart-artiste.com\/wp-content\/uploads\/2025\/06\/petit_coeur_juin_2025.png\" class=\"attachment-medium_large size-medium_large wp-image-637\" alt=\"\" srcset=\"https:\/\/pgart-artiste.com\/wp-content\/uploads\/2025\/06\/petit_coeur_juin_2025.png 477w, https:\/\/pgart-artiste.com\/wp-content\/uploads\/2025\/06\/petit_coeur_juin_2025-257x300.png 257w\" sizes=\"(max-width: 477px) 100vw, 477px\" \/><\/a><\/figure><div class=\"elementor-image-box-content\"><h3 class=\"elementor-image-box-title\"><a href=\"https:\/\/www.petitcoeurdebeurre.fr\/\" target=\"_blank\">Petit C\u0153ur de Beurre <\/a><\/h3><p class=\"elementor-image-box-description\">Petit C\u0153ur de Beurre est une association nationale agr\u00e9\u00e9e aux \u00abusagers du syst\u00e8me de sant\u00e9\u00bb, qui a pour but d\u2019am\u00e9liorer la prise en charge des personnes n\u00e9es avec une malformation cardiaque et de leurs familles. Suite \u00e0 la r\u00e9cente op\u00e9ration de mon fils je souhaite contribuer \u00e0 ma fa\u00e7on et les remercier de leur soutien.\n5 \u0153uvres mises au profit de l'association dont 50% du montant des ventes leur a \u00e9t\u00e9 directement revers\u00e9.<\/p><\/div><\/div>\t\t\t\t<\/div>\n\t\t\t\t<\/div>\n\t\t\t\t\t<\/div>\n\t\t\t\t<\/div>\n\t\t<div class=\"elementor-element elementor-element-c703139 e-flex e-con-boxed e-con e-parent\" data-id=\"c703139\" data-element_type=\"container\">\n\t\t\t\t\t<div class=\"e-con-inner\">\n\t\t\t\t<div class=\"elementor-element elementor-element-1d87478 elementor-position-top elementor-widget elementor-widget-image-box\" data-id=\"1d87478\" data-element_type=\"widget\" data-widget_type=\"image-box.default\">\n\t\t\t\t<div class=\"elementor-widget-container\">\n\t\t\t\t\t<div class=\"elementor-image-box-wrapper\"><figure class=\"elementor-image-box-img\"><a href=\"https:\/\/www.bourguette-autisme.org\/\" target=\"_blank\" tabindex=\"-1\"><img loading=\"lazy\" decoding=\"async\" width=\"326\" height=\"435\" src=\"https:\/\/pgart-artiste.com\/wp-content\/uploads\/2025\/06\/la_bourguette_autisme.png\" class=\"attachment-medium_large size-medium_large wp-image-633\" alt=\"\" srcset=\"https:\/\/pgart-artiste.com\/wp-content\/uploads\/2025\/06\/la_bourguette_autisme.png 326w, https:\/\/pgart-artiste.com\/wp-content\/uploads\/2025\/06\/la_bourguette_autisme-225x300.png 225w\" sizes=\"(max-width: 326px) 100vw, 326px\" \/><\/a><\/figure><div class=\"elementor-image-box-content\"><h3 class=\"elementor-image-box-title\"><a href=\"https:\/\/www.bourguette-autisme.org\/\" target=\"_blank\">vente aux ench\u00e8res Rotary<\/a><\/h3><p class=\"elementor-image-box-description\">Fonds collect\u00e9s en soutien \u00e0 l\u2019association La Bourguette Autisme.<\/p><\/div><\/div>\t\t\t\t<\/div>\n\t\t\t\t<\/div>\n\t\t\t\t\t<\/div>\n\t\t\t\t<\/div>\n\t\t\t\t<\/div>\n\t\t","protected":false},"excerpt":{"rendered":"<p>Gala caritatif H\u00f4tel Dieu Toile 116&#215;81 \u00ab Up to The Sky \u00bb et custom StormTrooper. 2 oeuvres mises en vente lors du gala caritatif \u00e0 l\u2019H\u00f4tel Dieu de Toulouse au profit de l\u2019association Petit c\u0153ur de beurre. Expo-vente Rotary\/Lions Club Cette grande vente a \u00e9t\u00e9 organis\u00e9e au profit int\u00e9gral et exclusif du Centre Ressource d\u2019Aix [&hellip;]<\/p>\n","protected":false},"author":1,"featured_media":0,"parent":0,"menu_order":0,"comment_status":"closed","ping_status":"closed","template":"","meta":{"_coblocks_attr":"","_coblocks_dimensions":"","_coblocks_responsive_height":"","_coblocks_accordion_ie_support":"","site-container-style":"default","site-container-layout":"default","site-sidebar-layout":"default","site-transparent-header":"default","disable-article-header":"default","disable-site-header":"default","disable-site-footer":"default","disable-content-area-spacing":"default","footnotes":""},"class_list":["post-614","page","type-page","status-publish","hentry"],"_links":{"self":[{"href":"https:\/\/pgart-artiste.com\/index.php?rest_route=\/wp\/v2\/pages\/614","targetHints":{"allow":["GET"]}}],"collection":[{"href":"https:\/\/pgart-artiste.com\/index.php?rest_route=\/wp\/v2\/pages"}],"about":[{"href":"https:\/\/pgart-artiste.com\/index.php?rest_route=\/wp\/v2\/types\/page"}],"author":[{"embeddable":true,"href":"https:\/\/pgart-artiste.com\/index.php?rest_route=\/wp\/v2\/users\/1"}],"replies":[{"embeddable":true,"href":"https:\/\/pgart-artiste.com\/index.php?rest_route=%2Fwp%2Fv2%2Fcomments&post=614"}],"version-history":[{"count":22,"href":"https:\/\/pgart-artiste.com\/index.php?rest_route=\/wp\/v2\/pages\/614\/revisions"}],"predecessor-version":[{"id":646,"href":"https:\/\/pgart-artiste.com\/index.php?rest_route=\/wp\/v2\/pages\/614\/revisions\/646"}],"wp:attachment":[{"href":"https:\/\/pgart-artiste.com\/index.php?rest_route=%2Fwp%2Fv2%2Fmedia&parent=614"}],"curies":[{"name":"wp","href":"https:\/\/api.w.org\/{rel}","templated":true}]}}